{"id":1128,"date":"2026-01-08T08:29:02","date_gmt":"2026-01-08T08:29:02","guid":{"rendered":"https:\/\/bomlohotell.no\/?page_id=1128"},"modified":"2026-01-08T09:57:04","modified_gmt":"2026-01-08T09:57:04","slug":"personvernerklaering","status":"publish","type":"page","link":"https:\/\/bomlohotell.no\/en\/personvernerklaering\/","title":{"rendered":"Privacy statement"},"content":{"rendered":"<div data-elementor-type=\"wp-page\" data-elementor-id=\"1128\" class=\"elementor elementor-1128\" data-elementor-post-type=\"page\">\n\t\t\t\t<div class=\"elementor-element elementor-element-87d5137 elementor-hidden-mobile e-flex e-con-boxed e-con e-parent\" data-id=\"87d5137\" data-element_type=\"container\" data-e-type=\"container\">\n\t\t\t\t\t<div class=\"e-con-inner\">\n\t\t\t\t\t<\/div>\n\t\t\t\t<\/div>\n\t\t<div class=\"elementor-element elementor-element-ddbecbc e-flex e-con-boxed e-con e-parent\" data-id=\"ddbecbc\" data-element_type=\"container\" data-e-type=\"container\">\n\t\t\t\t\t<div class=\"e-con-inner\">\n\t\t<div class=\"elementor-element elementor-element-98c4dcf e-con-full e-flex e-con e-child\" data-id=\"98c4dcf\" data-element_type=\"container\" data-e-type=\"container\">\n\t\t\t\t<div class=\"elementor-element elementor-element-5cf266d elementor-widget elementor-widget-heading\" data-id=\"5cf266d\" data-element_type=\"widget\" data-e-type=\"widget\" data-widget_type=\"heading.default\">\n\t\t\t\t\t<h1 class=\"elementor-heading-title elementor-size-default\">Privacy statement<\/h1>\t\t\t\t<\/div>\n\t\t\t\t<div class=\"elementor-element elementor-element-0b19e99 elementor-widget elementor-widget-text-editor\" data-id=\"0b19e99\" data-element_type=\"widget\" data-e-type=\"widget\" data-widget_type=\"text-editor.default\">\n\t\t\t\t\t\t\t\t\t<p>Nettadressa v\u00e5r er: https:\/\/bomlohotell.no<\/p>\t\t\t\t\t\t\t\t<\/div>\n\t\t\t\t<\/div>\n\t\t<div class=\"elementor-element elementor-element-f10bd06 e-con-full e-flex e-con e-child\" data-id=\"f10bd06\" data-element_type=\"container\" data-e-type=\"container\">\n\t\t\t\t<div class=\"elementor-element elementor-element-e1ac311 elementor-widget elementor-widget-heading\" data-id=\"e1ac311\" data-element_type=\"widget\" data-e-type=\"widget\" data-widget_type=\"heading.default\">\n\t\t\t\t\t<h3 class=\"elementor-heading-title elementor-size-default\">Kva personopplysningar vi samlar inn<\/h3>\t\t\t\t<\/div>\n\t\t\t\t<div class=\"elementor-element elementor-element-19398bf elementor-widget elementor-widget-text-editor\" data-id=\"19398bf\" data-element_type=\"widget\" data-e-type=\"widget\" data-widget_type=\"text-editor.default\">\n\t\t\t\t\t\t\t\t\t<p>Vi samlar inn personopplysningar som namn, e-postadresse, telefonnummer og annan informasjon du frivillig gir oss via kontaktskjema, bestilling eller annan kommunikasjon.<\/p><p>Ved bes\u00f8k p\u00e5 nettsida kan teknisk informasjon som IP-adresse, nettlesartype og bruk av informasjonskapslar bli registrert for drift, tryggleik og statistikk.<\/p>\t\t\t\t\t\t\t\t<\/div>\n\t\t\t\t<\/div>\n\t\t<div class=\"elementor-element elementor-element-2702170 e-con-full e-flex e-con e-child\" data-id=\"2702170\" data-element_type=\"container\" data-e-type=\"container\">\n\t\t\t\t<div class=\"elementor-element elementor-element-763c090 elementor-widget elementor-widget-heading\" data-id=\"763c090\" data-element_type=\"widget\" data-e-type=\"widget\" data-widget_type=\"heading.default\">\n\t\t\t\t\t<h3 class=\"elementor-heading-title elementor-size-default\">Kva opplysningane blir brukte til<\/h3>\t\t\t\t<\/div>\n\t\t\t\t<div class=\"elementor-element elementor-element-d7507ce elementor-widget elementor-widget-text-editor\" data-id=\"d7507ce\" data-element_type=\"widget\" data-e-type=\"widget\" data-widget_type=\"text-editor.default\">\n\t\t\t\t\t\t\t\t\t<p>Personopplysningane blir brukte for \u00e5:<\/p><ul><li>handsame f\u00f8respurnader og bestillingar<\/li><li>kommunisere med gjester<\/li><li>forbetre nettsida og tenestene v\u00e5re<\/li><li>oppfylle juridiske plikter<\/li><\/ul>\t\t\t\t\t\t\t\t<\/div>\n\t\t\t\t<\/div>\n\t\t<div class=\"elementor-element elementor-element-c1a48c8 e-con-full e-flex e-con e-child\" data-id=\"c1a48c8\" data-element_type=\"container\" data-e-type=\"container\">\n\t\t\t\t<div class=\"elementor-element elementor-element-b3319f8 elementor-widget elementor-widget-heading\" data-id=\"b3319f8\" data-element_type=\"widget\" data-e-type=\"widget\" data-widget_type=\"heading.default\">\n\t\t\t\t\t<h3 class=\"elementor-heading-title elementor-size-default\">Informasjonskapslar (cookies)<\/h3>\t\t\t\t<\/div>\n\t\t\t\t<div class=\"elementor-element elementor-element-34d638c elementor-widget elementor-widget-text-editor\" data-id=\"34d638c\" data-element_type=\"widget\" data-e-type=\"widget\" data-widget_type=\"text-editor.default\">\n\t\t\t\t\t\t\t\t\t<p>Nettsida nyttar informasjonskapslar for n\u00f8dvendig funksjonalitet og enkel analyse. Du kan sj\u00f8lv styre bruk av cookies i nettlesaren din.<\/p>\t\t\t\t\t\t\t\t<\/div>\n\t\t\t\t<\/div>\n\t\t<div class=\"elementor-element elementor-element-3d77feb e-con-full e-flex e-con e-child\" data-id=\"3d77feb\" data-element_type=\"container\" data-e-type=\"container\">\n\t\t\t\t<div class=\"elementor-element elementor-element-77c966d elementor-widget elementor-widget-heading\" data-id=\"77c966d\" data-element_type=\"widget\" data-e-type=\"widget\" data-widget_type=\"heading.default\">\n\t\t\t\t\t<h3 class=\"elementor-heading-title elementor-size-default\">Deling av opplysningar<\/h3>\t\t\t\t<\/div>\n\t\t\t\t<div class=\"elementor-element elementor-element-dd57d8b elementor-widget elementor-widget-text-editor\" data-id=\"dd57d8b\" data-element_type=\"widget\" data-e-type=\"widget\" data-widget_type=\"text-editor.default\">\n\t\t\t\t\t\t\t\t\t<p>Vi deler ikkje personopplysningar med tredjepartar, med mindre dette er naudsynt for drift av nettsida, bookingl\u00f8ysingar eller p\u00e5kravd ved lov.<\/p>\t\t\t\t\t\t\t\t<\/div>\n\t\t\t\t<\/div>\n\t\t<div class=\"elementor-element elementor-element-360de62 e-con-full e-flex e-con e-child\" data-id=\"360de62\" data-element_type=\"container\" data-e-type=\"container\">\n\t\t\t\t<div class=\"elementor-element elementor-element-fc2ce19 elementor-widget elementor-widget-heading\" data-id=\"fc2ce19\" data-element_type=\"widget\" data-e-type=\"widget\" data-widget_type=\"heading.default\">\n\t\t\t\t\t<h3 class=\"elementor-heading-title elementor-size-default\">Lagring og rettar<\/h3>\t\t\t\t<\/div>\n\t\t\t\t<div class=\"elementor-element elementor-element-b2d29b4 elementor-widget elementor-widget-text-editor\" data-id=\"b2d29b4\" data-element_type=\"widget\" data-e-type=\"widget\" data-widget_type=\"text-editor.default\">\n\t\t\t\t\t\t\t\t\t<p>Opplysningar blir lagra s\u00e5 lenge det er n\u00f8dvendig for form\u00e5let dei er samla inn for, eller s\u00e5 lenge lovverket krev det.<br \/>Du har rett til innsyn i, retting eller sletting av personopplysningar. F\u00f8respurnader kan sendast til oss.<\/p>\t\t\t\t\t\t\t\t<\/div>\n\t\t\t\t<\/div>\n\t\t<div class=\"elementor-element elementor-element-a5f40e1 e-con-full e-flex e-con e-child\" data-id=\"a5f40e1\" data-element_type=\"container\" data-e-type=\"container\">\n\t\t\t\t<div class=\"elementor-element elementor-element-31ef0d1 elementor-widget elementor-widget-heading\" data-id=\"31ef0d1\" data-element_type=\"widget\" data-e-type=\"widget\" data-widget_type=\"heading.default\">\n\t\t\t\t\t<h3 class=\"elementor-heading-title elementor-size-default\">Contact<\/h3>\t\t\t\t<\/div>\n\t\t\t\t<div class=\"elementor-element elementor-element-97aa1ee elementor-widget elementor-widget-text-editor\" data-id=\"97aa1ee\" data-element_type=\"widget\" data-e-type=\"widget\" data-widget_type=\"text-editor.default\">\n\t\t\t\t\t\t\t\t\t<p>post@bomlohotell.no<\/p>\t\t\t\t\t\t\t\t<\/div>\n\t\t\t\t<\/div>\n\t\t\t\t\t<\/div>\n\t\t\t\t<\/div>\n\t\t\t\t<\/div>","protected":false},"excerpt":{"rendered":"<p>Personvernerkl\u00e6ring Nettadressa v\u00e5r er: https:\/\/bomlohotell.no Kva personopplysningar vi samlar inn Vi samlar inn personopplysningar som namn, e-postadresse, telefonnummer og annan informasjon du [&hellip;]<\/p>\n","protected":false},"author":1,"featured_media":0,"parent":0,"menu_order":0,"comment_status":"closed","ping_status":"closed","template":"","meta":{"footnotes":""},"class_list":["post-1128","page","type-page","status-publish","hentry"],"_links":{"self":[{"href":"https:\/\/bomlohotell.no\/en\/wp-json\/wp\/v2\/pages\/1128","targetHints":{"allow":["GET"]}}],"collection":[{"href":"https:\/\/bomlohotell.no\/en\/wp-json\/wp\/v2\/pages"}],"about":[{"href":"https:\/\/bomlohotell.no\/en\/wp-json\/wp\/v2\/types\/page"}],"author":[{"embeddable":true,"href":"https:\/\/bomlohotell.no\/en\/wp-json\/wp\/v2\/users\/1"}],"replies":[{"embeddable":true,"href":"https:\/\/bomlohotell.no\/en\/wp-json\/wp\/v2\/comments?post=1128"}],"version-history":[{"count":0,"href":"https:\/\/bomlohotell.no\/en\/wp-json\/wp\/v2\/pages\/1128\/revisions"}],"wp:attachment":[{"href":"https:\/\/bomlohotell.no\/en\/wp-json\/wp\/v2\/media?parent=1128"}],"curies":[{"name":"wp","href":"https:\/\/api.w.org\/{rel}","templated":true}]}}